{"id":186,"date":"2024-10-08T17:26:37","date_gmt":"2024-10-08T15:26:37","guid":{"rendered":"https:\/\/game-contest.dev\/?page_id=186"},"modified":"2024-10-25T09:25:47","modified_gmt":"2024-10-25T07:25:47","slug":"imprint","status":"publish","type":"page","link":"https:\/\/games-stipendium.de\/en\/imprint\/","title":{"rendered":"Imprint"},"content":{"rendered":"<p><strong>game \u2013 Verband der deutschen Games-Branche e.V.<\/strong><br \/>\nFriedrichstra\u00dfe 165<br \/>\nD-10117 Berlin<\/p>\n<p><strong>Gesch\u00e4ftsf\u00fchrung:<\/strong> Felix Falk<\/p>\n<p><strong>Tel.:<\/strong> 030 240 87 79 \u2013 0<br \/>\n<strong>eMail:<\/strong> info(AT)game.de<\/p>\n<p><strong>Eintrag im Vereinsregister:<\/strong><br \/>\nVereinsregister: Amtsgericht Charlottenburg  VR 24708 Nz<\/p>\n<p><strong>UST-ID<\/strong> DE251601375<\/p>\n<p><strong>Inhaltlich Verantwortlicher gem\u00e4\u00df \u00a7 18 MStV:<\/strong> Felix Falk<\/p>\n","protected":false},"excerpt":{"rendered":"<p>game \u2013 Verband der deutschen Games-Branche e.V. Friedrichstra\u00dfe 165 D-10117 Berlin Gesch\u00e4ftsf\u00fchrung: Felix Falk Tel.: 030 240 87 79 \u2013 0 eMail: info(AT)game.de Eintrag im Vereinsregister: Vereinsregister: Amtsgericht Charlottenburg VR 24708 Nz UST-ID DE251601375 Inhaltlich Verantwortlicher gem\u00e4\u00df \u00a7 18 MStV: Felix Falk<\/p>\n","protected":false},"author":2,"featured_media":0,"parent":0,"menu_order":0,"comment_status":"closed","ping_status":"closed","template":"","meta":{"_acf_changed":false,"footnotes":""},"class_list":["post-186","page","type-page","status-publish","hentry"],"acf":[],"yoast_head":"<!-- This site is optimized with the Yoast SEO plugin v24.7 - https:\/\/yoast.com\/wordpress\/plugins\/seo\/ -->\n<title>Imprint - Press Start<\/title>\n<meta name=\"robots\" content=\"index, follow, max-snippet:-1, max-image-preview:large, max-video-preview:-1\" \/>\n<link rel=\"canonical\" href=\"https:\/\/games-stipendium.de\/impressum\/\" \/>\n<meta property=\"og:locale\" content=\"en_US\" \/>\n<meta property=\"og:type\" content=\"article\" \/>\n<meta property=\"og:title\" content=\"Imprint - Press Start\" \/>\n<meta property=\"og:description\" content=\"game \u2013 Verband der deutschen Games-Branche e.V. Friedrichstra\u00dfe 165 D-10117 Berlin Gesch\u00e4ftsf\u00fchrung: Felix Falk Tel.: 030 240 87 79 \u2013 0 eMail: info(AT)game.de Eintrag im Vereinsregister: Vereinsregister: Amtsgericht Charlottenburg VR 24708 Nz UST-ID DE251601375 Inhaltlich Verantwortlicher gem\u00e4\u00df \u00a7 18 MStV: Felix Falk\" \/>\n<meta property=\"og:url\" content=\"https:\/\/games-stipendium.de\/impressum\/\" \/>\n<meta property=\"og:site_name\" content=\"Press Start\" \/>\n<meta property=\"article:publisher\" content=\"https:\/\/www.facebook.com\/StiftungDigitaleSpielekultur\/\" \/>\n<meta property=\"article:modified_time\" content=\"2024-10-25T07:25:47+00:00\" \/>\n<meta name=\"twitter:card\" content=\"summary_large_image\" \/>\n<meta name=\"twitter:site\" content=\"@Digitale_Spiele\" \/>\n<script type=\"application\/ld+json\" class=\"yoast-schema-graph\">{\"@context\":\"https:\/\/schema.org\",\"@graph\":[{\"@type\":\"WebPage\",\"@id\":\"https:\/\/games-stipendium.de\/impressum\/\",\"url\":\"https:\/\/games-stipendium.de\/impressum\/\",\"name\":\"Imprint - Press Start\",\"isPartOf\":{\"@id\":\"\/#website\"},\"datePublished\":\"2024-10-08T15:26:37+00:00\",\"dateModified\":\"2024-10-25T07:25:47+00:00\",\"breadcrumb\":{\"@id\":\"https:\/\/games-stipendium.de\/impressum\/#breadcrumb\"},\"inLanguage\":\"en-US\",\"potentialAction\":[{\"@type\":\"ReadAction\",\"target\":[\"https:\/\/games-stipendium.de\/impressum\/\"]}]},{\"@type\":\"BreadcrumbList\",\"@id\":\"https:\/\/games-stipendium.de\/impressum\/#breadcrumb\",\"itemListElement\":[{\"@type\":\"ListItem\",\"position\":1,\"name\":\"Startseite\",\"item\":\"https:\/\/games-stipendium.de\/en\/\"},{\"@type\":\"ListItem\",\"position\":2,\"name\":\"Imprint\"}]},{\"@type\":\"WebSite\",\"@id\":\"\/#website\",\"url\":\"\/\",\"name\":\"Press Start: Gr\u00fcndungsstipendium Games\",\"description\":\"\",\"publisher\":{\"@id\":\"\/#organization\"},\"potentialAction\":[{\"@type\":\"SearchAction\",\"target\":{\"@type\":\"EntryPoint\",\"urlTemplate\":\"\/?s={search_term_string}\"},\"query-input\":{\"@type\":\"PropertyValueSpecification\",\"valueRequired\":true,\"valueName\":\"search_term_string\"}}],\"inLanguage\":\"en-US\"},{\"@type\":\"Organization\",\"@id\":\"\/#organization\",\"name\":\"Press Start\",\"url\":\"\/\",\"logo\":{\"@type\":\"ImageObject\",\"inLanguage\":\"en-US\",\"@id\":\"\/#\/schema\/logo\/image\/\",\"url\":\"https:\/\/games-stipendium.de\/wp-content\/uploads\/2024\/10\/Press_Start_Logo_Buttons_pressed_regular.svg\",\"contentUrl\":\"https:\/\/games-stipendium.de\/wp-content\/uploads\/2024\/10\/Press_Start_Logo_Buttons_pressed_regular.svg\",\"width\":1,\"height\":1,\"caption\":\"Press Start\"},\"image\":{\"@id\":\"\/#\/schema\/logo\/image\/\"},\"sameAs\":[\"https:\/\/www.facebook.com\/StiftungDigitaleSpielekultur\/\",\"https:\/\/x.com\/Digitale_Spiele\",\"https:\/\/www.linkedin.com\/company\/stiftung-digitale-spielekultur\/\",\"https:\/\/www.instagram.com\/stiftung_digitale_spielekultur\/\"]}]}<\/script>\n<!-- \/ Yoast SEO plugin. -->","yoast_head_json":{"title":"Imprint - Press Start","robots":{"index":"index","follow":"follow","max-snippet":"max-snippet:-1","max-image-preview":"max-image-preview:large","max-video-preview":"max-video-preview:-1"},"canonical":"https:\/\/games-stipendium.de\/impressum\/","og_locale":"en_US","og_type":"article","og_title":"Imprint - Press Start","og_description":"game \u2013 Verband der deutschen Games-Branche e.V. Friedrichstra\u00dfe 165 D-10117 Berlin Gesch\u00e4ftsf\u00fchrung: Felix Falk Tel.: 030 240 87 79 \u2013 0 eMail: info(AT)game.de Eintrag im Vereinsregister: Vereinsregister: Amtsgericht Charlottenburg VR 24708 Nz UST-ID DE251601375 Inhaltlich Verantwortlicher gem\u00e4\u00df \u00a7 18 MStV: Felix Falk","og_url":"https:\/\/games-stipendium.de\/impressum\/","og_site_name":"Press Start","article_publisher":"https:\/\/www.facebook.com\/StiftungDigitaleSpielekultur\/","article_modified_time":"2024-10-25T07:25:47+00:00","twitter_card":"summary_large_image","twitter_site":"@Digitale_Spiele","schema":{"@context":"https:\/\/schema.org","@graph":[{"@type":"WebPage","@id":"https:\/\/games-stipendium.de\/impressum\/","url":"https:\/\/games-stipendium.de\/impressum\/","name":"Imprint - Press Start","isPartOf":{"@id":"\/#website"},"datePublished":"2024-10-08T15:26:37+00:00","dateModified":"2024-10-25T07:25:47+00:00","breadcrumb":{"@id":"https:\/\/games-stipendium.de\/impressum\/#breadcrumb"},"inLanguage":"en-US","potentialAction":[{"@type":"ReadAction","target":["https:\/\/games-stipendium.de\/impressum\/"]}]},{"@type":"BreadcrumbList","@id":"https:\/\/games-stipendium.de\/impressum\/#breadcrumb","itemListElement":[{"@type":"ListItem","position":1,"name":"Startseite","item":"https:\/\/games-stipendium.de\/en\/"},{"@type":"ListItem","position":2,"name":"Imprint"}]},{"@type":"WebSite","@id":"\/#website","url":"\/","name":"Press Start: Gr\u00fcndungsstipendium Games","description":"","publisher":{"@id":"\/#organization"},"potentialAction":[{"@type":"SearchAction","target":{"@type":"EntryPoint","urlTemplate":"\/?s={search_term_string}"},"query-input":{"@type":"PropertyValueSpecification","valueRequired":true,"valueName":"search_term_string"}}],"inLanguage":"en-US"},{"@type":"Organization","@id":"\/#organization","name":"Press Start","url":"\/","logo":{"@type":"ImageObject","inLanguage":"en-US","@id":"\/#\/schema\/logo\/image\/","url":"https:\/\/games-stipendium.de\/wp-content\/uploads\/2024\/10\/Press_Start_Logo_Buttons_pressed_regular.svg","contentUrl":"https:\/\/games-stipendium.de\/wp-content\/uploads\/2024\/10\/Press_Start_Logo_Buttons_pressed_regular.svg","width":1,"height":1,"caption":"Press Start"},"image":{"@id":"\/#\/schema\/logo\/image\/"},"sameAs":["https:\/\/www.facebook.com\/StiftungDigitaleSpielekultur\/","https:\/\/x.com\/Digitale_Spiele","https:\/\/www.linkedin.com\/company\/stiftung-digitale-spielekultur\/","https:\/\/www.instagram.com\/stiftung_digitale_spielekultur\/"]}]}},"_links":{"self":[{"href":"https:\/\/games-stipendium.de\/en\/wp-json\/wp\/v2\/pages\/186","targetHints":{"allow":["GET"]}}],"collection":[{"href":"https:\/\/games-stipendium.de\/en\/wp-json\/wp\/v2\/pages"}],"about":[{"href":"https:\/\/games-stipendium.de\/en\/wp-json\/wp\/v2\/types\/page"}],"author":[{"embeddable":true,"href":"https:\/\/games-stipendium.de\/en\/wp-json\/wp\/v2\/users\/2"}],"replies":[{"embeddable":true,"href":"https:\/\/games-stipendium.de\/en\/wp-json\/wp\/v2\/comments?post=186"}],"version-history":[{"count":1,"href":"https:\/\/games-stipendium.de\/en\/wp-json\/wp\/v2\/pages\/186\/revisions"}],"predecessor-version":[{"id":187,"href":"https:\/\/games-stipendium.de\/en\/wp-json\/wp\/v2\/pages\/186\/revisions\/187"}],"wp:attachment":[{"href":"https:\/\/games-stipendium.de\/en\/wp-json\/wp\/v2\/media?parent=186"}],"curies":[{"name":"wp","href":"https:\/\/api.w.org\/{rel}","templated":true}]}}